{"id":66,"date":"2025-10-06T09:37:12","date_gmt":"2025-10-06T09:37:12","guid":{"rendered":"https:\/\/www.red-val.cz\/?page_id=66"},"modified":"2026-03-04T16:12:59","modified_gmt":"2026-03-04T16:12:59","slug":"kontakt","status":"publish","type":"page","link":"https:\/\/www.red-val.cz\/?page_id=66","title":{"rendered":"Kontakt"},"content":{"rendered":"\n<div class=\"wp-block-columns is-layout-flex wp-container-core-columns-is-layout-28f84493 wp-block-columns-is-layout-flex\">\n<div class=\"wp-block-column is-layout-flow wp-block-column-is-layout-flow\">\n<h2 class=\"wp-block-heading\">RED-VAL s.r.o.<\/h2>\n\n\n\n<p>B\u0159ezina 209<\/p>\n\n\n\n<p>666 01 B\u0159ezina<\/p>\n\n\n\n<p>I\u010cO: 19138555&nbsp;<\/p>\n\n\n\n<p>DI\u010c: CZ19138555<\/p>\n<\/div>\n\n\n\n<div class=\"wp-block-column is-layout-flow wp-block-column-is-layout-flow\">\n<h2 class=\"wp-block-heading\">Provozovna<\/h2>\n\n\n\n<p>Hudcova 532\/78b Brno 602 00<\/p>\n<\/div>\n<\/div>\n\n\n\n<div class=\"wp-block-columns is-layout-flex wp-container-core-columns-is-layout-28f84493 wp-block-columns-is-layout-flex\">\n<div class=\"wp-block-column is-layout-flow wp-block-column-is-layout-flow\">\n<h2 class=\"wp-block-heading\">Milan Urb\u00e1nek \u2013 jednatel:<\/h2>\n\n\n\n<p>E-mail: milan.urbanek@red-val.cz<\/p>\n\n\n\n<p>Tel. +420&nbsp;602 706 159<\/p>\n<\/div>\n\n\n\n<div class=\"wp-block-column is-layout-flow wp-block-column-is-layout-flow\">\n<h2 class=\"wp-block-heading\">Ing. Hana Kunick\u00e1 \u2013 office manager:<\/h2>\n\n\n\n<p>E-mail: hana.kunicka@red-val.cz<\/p>\n\n\n\n<p>Tel. +420&nbsp;723&nbsp;637&nbsp;683<\/p>\n<\/div>\n<\/div>\n\n\n\n<p><\/p>\n","protected":false},"excerpt":{"rendered":"<p>RED-VAL s.r.o. B\u0159ezina 209 666 01 B\u0159ezina I\u010cO: 19138555&nbsp; DI\u010c: CZ19138555 Provozovna Hudcova 532\/78b Brno 602 00 Milan Urb\u00e1nek \u2013 [&hellip;]<\/p>\n","protected":false},"author":1,"featured_media":0,"parent":0,"menu_order":0,"comment_status":"closed","ping_status":"closed","template":"","meta":{"footnotes":""},"class_list":["post-66","page","type-page","status-publish","hentry"],"aioseo_notices":[],"_links":{"self":[{"href":"https:\/\/www.red-val.cz\/index.php?rest_route=\/wp\/v2\/pages\/66","targetHints":{"allow":["GET"]}}],"collection":[{"href":"https:\/\/www.red-val.cz\/index.php?rest_route=\/wp\/v2\/pages"}],"about":[{"href":"https:\/\/www.red-val.cz\/index.php?rest_route=\/wp\/v2\/types\/page"}],"author":[{"embeddable":true,"href":"https:\/\/www.red-val.cz\/index.php?rest_route=\/wp\/v2\/users\/1"}],"replies":[{"embeddable":true,"href":"https:\/\/www.red-val.cz\/index.php?rest_route=%2Fwp%2Fv2%2Fcomments&post=66"}],"version-history":[{"count":2,"href":"https:\/\/www.red-val.cz\/index.php?rest_route=\/wp\/v2\/pages\/66\/revisions"}],"predecessor-version":[{"id":241,"href":"https:\/\/www.red-val.cz\/index.php?rest_route=\/wp\/v2\/pages\/66\/revisions\/241"}],"wp:attachment":[{"href":"https:\/\/www.red-val.cz\/index.php?rest_route=%2Fwp%2Fv2%2Fmedia&parent=66"}],"curies":[{"name":"wp","href":"https:\/\/api.w.org\/{rel}","templated":true}]}}